{"id":1137,"date":"2022-09-30T09:15:48","date_gmt":"2022-09-30T09:15:48","guid":{"rendered":"https:\/\/jemznatury.pl\/?page_id=1137"},"modified":"2023-05-11T13:31:57","modified_gmt":"2023-05-11T13:31:57","slug":"krem-marchewkowy","status":"publish","type":"page","link":"https:\/\/jemznatury.pl\/en\/zupy-standard\/krem-marchewkowy\/","title":{"rendered":"Carrot cream"},"content":{"rendered":"","protected":false},"excerpt":{"rendered":"","protected":false},"author":3,"featured_media":1110,"parent":411,"menu_order":0,"comment_status":"closed","ping_status":"closed","template":"page-single-product.php","meta":{"_acf_changed":false,"om_disable_all_campaigns":false,"inline_featured_image":false,"_monsterinsights_skip_tracking":false,"_monsterinsights_sitenote_active":false,"_monsterinsights_sitenote_note":"","_monsterinsights_sitenote_category":0,"footnotes":""},"acf":[],"yoast_head":"<!-- This site is optimized with the Yoast SEO plugin v22.9 - https:\/\/yoast.com\/wordpress\/plugins\/seo\/ -->\n<title>Carrot cream - JEM Z NATURY<\/title>\n<meta name=\"description\" content=\"Krem marchewkowy - rodzimy smak z egzotyczn\u0105 nut\u0105 mleka kokosowego, kt\u00f3remu wyj\u0105tkowo delikatno\u015b\u0107 nadaje s\u0142odki batat\" \/>\n<meta name=\"robots\" content=\"index, follow, max-snippet:-1, max-image-preview:large, max-video-preview:-1\" \/>\n<link rel=\"canonical\" href=\"https:\/\/jemznatury.pl\/zupy-standard\/krem-marchewkowy\/\" \/>\n<meta property=\"og:locale\" content=\"en_US\" \/>\n<meta property=\"og:locale:alternate\" content=\"pl_PL\" \/>\n<meta property=\"og:type\" content=\"article\" \/>\n<meta property=\"og:title\" content=\"Carrot cream\" \/>\n<meta property=\"og:description\" content=\"Krem marchewkowy - rodzimy smak z egzotyczn\u0105 nut\u0105 mleka kokosowego, kt\u00f3remu wyj\u0105tkowo delikatno\u015b\u0107 nadaje s\u0142odki batat\" \/>\n<meta property=\"og:url\" content=\"https:\/\/jemznatury.pl\/en\/zupy-standard\/krem-marchewkowy\/\" \/>\n<meta property=\"og:site_name\" content=\"JEM Z NATURY\" \/>\n<meta property=\"article:publisher\" content=\"https:\/\/www.facebook.com\/jemznatury\" \/>\n<meta property=\"article:modified_time\" content=\"2023-05-11T13:31:57+00:00\" \/>\n<meta property=\"og:image\" content=\"https:\/\/jemznatury.pl\/wp-content\/uploads\/2022\/09\/STANDARD-KREM-MARCHEW.webp\" \/>\n\t<meta property=\"og:image:width\" content=\"1953\" \/>\n\t<meta property=\"og:image:height\" content=\"1720\" \/>\n\t<meta property=\"og:image:type\" content=\"image\/webp\" \/>\n<meta name=\"twitter:card\" content=\"summary_large_image\" \/>\n<script type=\"application\/ld+json\" class=\"yoast-schema-graph\">{\"@context\":\"https:\/\/schema.org\",\"@graph\":[{\"@type\":\"WebPage\",\"@id\":\"https:\/\/jemznatury.pl\/zupy-standard\/krem-marchewkowy\/\",\"url\":\"https:\/\/jemznatury.pl\/zupy-standard\/krem-marchewkowy\/\",\"name\":\"Carrot cream\",\"isPartOf\":{\"@id\":\"https:\/\/jemznatury.pl\/#website\"},\"primaryImageOfPage\":{\"@id\":\"https:\/\/jemznatury.pl\/zupy-standard\/krem-marchewkowy\/#primaryimage\"},\"image\":{\"@id\":\"https:\/\/jemznatury.pl\/zupy-standard\/krem-marchewkowy\/#primaryimage\"},\"thumbnailUrl\":\"https:\/\/jemznatury.pl\/wp-content\/uploads\/2022\/09\/STANDARD-KREM-MARCHEW.webp\",\"datePublished\":\"2022-09-30T09:15:48+00:00\",\"dateModified\":\"2023-05-11T13:31:57+00:00\",\"description\":\"Krem marchewkowy - rodzimy smak z egzotyczn\u0105 nut\u0105 mleka kokosowego, kt\u00f3remu wyj\u0105tkowo delikatno\u015b\u0107 nadaje s\u0142odki batat\",\"breadcrumb\":{\"@id\":\"https:\/\/jemznatury.pl\/zupy-standard\/krem-marchewkowy\/#breadcrumb\"},\"inLanguage\":\"en-US\",\"potentialAction\":[{\"@type\":\"ReadAction\",\"target\":[\"https:\/\/jemznatury.pl\/zupy-standard\/krem-marchewkowy\/\"]}]},{\"@type\":\"ImageObject\",\"inLanguage\":\"en-US\",\"@id\":\"https:\/\/jemznatury.pl\/zupy-standard\/krem-marchewkowy\/#primaryimage\",\"url\":\"https:\/\/jemznatury.pl\/wp-content\/uploads\/2022\/09\/STANDARD-KREM-MARCHEW.webp\",\"contentUrl\":\"https:\/\/jemznatury.pl\/wp-content\/uploads\/2022\/09\/STANDARD-KREM-MARCHEW.webp\",\"width\":1953,\"height\":1720},{\"@type\":\"BreadcrumbList\",\"@id\":\"https:\/\/jemznatury.pl\/zupy-standard\/krem-marchewkowy\/#breadcrumb\",\"itemListElement\":[{\"@type\":\"ListItem\",\"position\":1,\"name\":\"Strona g\u0142\u00f3wna\",\"item\":\"https:\/\/jemznatury.pl\/\"},{\"@type\":\"ListItem\",\"position\":2,\"name\":\"Zupy Standard\",\"item\":\"https:\/\/jemznatury.pl\/zupy-standard\/\"},{\"@type\":\"ListItem\",\"position\":3,\"name\":\"Krem Marchewkowy\"}]},{\"@type\":\"WebSite\",\"@id\":\"https:\/\/jemznatury.pl\/#website\",\"url\":\"https:\/\/jemznatury.pl\/\",\"name\":\"JEM Z NATURY\",\"description\":\"\",\"publisher\":{\"@id\":\"https:\/\/jemznatury.pl\/#organization\"},\"potentialAction\":[{\"@type\":\"SearchAction\",\"target\":{\"@type\":\"EntryPoint\",\"urlTemplate\":\"https:\/\/jemznatury.pl\/?s={search_term_string}\"},\"query-input\":\"required name=search_term_string\"}],\"inLanguage\":\"en-US\"},{\"@type\":\"Organization\",\"@id\":\"https:\/\/jemznatury.pl\/#organization\",\"name\":\"Z Natury\",\"url\":\"https:\/\/jemznatury.pl\/\",\"logo\":{\"@type\":\"ImageObject\",\"inLanguage\":\"en-US\",\"@id\":\"https:\/\/jemznatury.pl\/#\/schema\/logo\/image\/\",\"url\":\"https:\/\/jemznatury.pl\/wp-content\/uploads\/2022\/10\/ZNatury_logo.jpg\",\"contentUrl\":\"https:\/\/jemznatury.pl\/wp-content\/uploads\/2022\/10\/ZNatury_logo.jpg\",\"width\":1104,\"height\":378,\"caption\":\"Z Natury\"},\"image\":{\"@id\":\"https:\/\/jemznatury.pl\/#\/schema\/logo\/image\/\"},\"sameAs\":[\"https:\/\/www.facebook.com\/jemznatury\",\"https:\/\/www.instagram.com\/jemznaturypl\/\"]}]}<\/script>\n<!-- \/ Yoast SEO plugin. -->","yoast_head_json":{"title":"Carrot cream - JEM Z NATURY","description":"Krem marchewkowy - rodzimy smak z egzotyczn\u0105 nut\u0105 mleka kokosowego, kt\u00f3remu wyj\u0105tkowo delikatno\u015b\u0107 nadaje s\u0142odki batat","robots":{"index":"index","follow":"follow","max-snippet":"max-snippet:-1","max-image-preview":"max-image-preview:large","max-video-preview":"max-video-preview:-1"},"canonical":"https:\/\/jemznatury.pl\/zupy-standard\/krem-marchewkowy\/","og_locale":"en_US","og_type":"article","og_title":"[:en]Carrot cream[:pl]Krem Marchewkowy[:] - JEM Z NATURY","og_description":"Krem marchewkowy - rodzimy smak z egzotyczn\u0105 nut\u0105 mleka kokosowego, kt\u00f3remu wyj\u0105tkowo delikatno\u015b\u0107 nadaje s\u0142odki batat","og_url":"https:\/\/jemznatury.pl\/en\/zupy-standard\/krem-marchewkowy\/","og_site_name":"JEM Z NATURY","article_publisher":"https:\/\/www.facebook.com\/jemznatury","article_modified_time":"2023-05-11T13:31:57+00:00","og_image":[{"width":1953,"height":1720,"url":"https:\/\/jemznatury.pl\/wp-content\/uploads\/2022\/09\/STANDARD-KREM-MARCHEW.webp","type":"image\/webp"}],"twitter_card":"summary_large_image","schema":{"@context":"https:\/\/schema.org","@graph":[{"@type":"WebPage","@id":"https:\/\/jemznatury.pl\/zupy-standard\/krem-marchewkowy\/","url":"https:\/\/jemznatury.pl\/zupy-standard\/krem-marchewkowy\/","name":"Carrot cream","isPartOf":{"@id":"https:\/\/jemznatury.pl\/#website"},"primaryImageOfPage":{"@id":"https:\/\/jemznatury.pl\/zupy-standard\/krem-marchewkowy\/#primaryimage"},"image":{"@id":"https:\/\/jemznatury.pl\/zupy-standard\/krem-marchewkowy\/#primaryimage"},"thumbnailUrl":"https:\/\/jemznatury.pl\/wp-content\/uploads\/2022\/09\/STANDARD-KREM-MARCHEW.webp","datePublished":"2022-09-30T09:15:48+00:00","dateModified":"2023-05-11T13:31:57+00:00","description":"Krem marchewkowy - rodzimy smak z egzotyczn\u0105 nut\u0105 mleka kokosowego, kt\u00f3remu wyj\u0105tkowo delikatno\u015b\u0107 nadaje s\u0142odki batat","breadcrumb":{"@id":"https:\/\/jemznatury.pl\/zupy-standard\/krem-marchewkowy\/#breadcrumb"},"inLanguage":"en-US","potentialAction":[{"@type":"ReadAction","target":["https:\/\/jemznatury.pl\/zupy-standard\/krem-marchewkowy\/"]}]},{"@type":"ImageObject","inLanguage":"en-US","@id":"https:\/\/jemznatury.pl\/zupy-standard\/krem-marchewkowy\/#primaryimage","url":"https:\/\/jemznatury.pl\/wp-content\/uploads\/2022\/09\/STANDARD-KREM-MARCHEW.webp","contentUrl":"https:\/\/jemznatury.pl\/wp-content\/uploads\/2022\/09\/STANDARD-KREM-MARCHEW.webp","width":1953,"height":1720},{"@type":"BreadcrumbList","@id":"https:\/\/jemznatury.pl\/zupy-standard\/krem-marchewkowy\/#breadcrumb","itemListElement":[{"@type":"ListItem","position":1,"name":"Strona g\u0142\u00f3wna","item":"https:\/\/jemznatury.pl\/"},{"@type":"ListItem","position":2,"name":"Zupy Standard","item":"https:\/\/jemznatury.pl\/zupy-standard\/"},{"@type":"ListItem","position":3,"name":"Krem Marchewkowy"}]},{"@type":"WebSite","@id":"https:\/\/jemznatury.pl\/#website","url":"https:\/\/jemznatury.pl\/","name":"JEM Z NATURY","description":"","publisher":{"@id":"https:\/\/jemznatury.pl\/#organization"},"potentialAction":[{"@type":"SearchAction","target":{"@type":"EntryPoint","urlTemplate":"https:\/\/jemznatury.pl\/?s={search_term_string}"},"query-input":"required name=search_term_string"}],"inLanguage":"en-US"},{"@type":"Organization","@id":"https:\/\/jemznatury.pl\/#organization","name":"Z Natury","url":"https:\/\/jemznatury.pl\/","logo":{"@type":"ImageObject","inLanguage":"en-US","@id":"https:\/\/jemznatury.pl\/#\/schema\/logo\/image\/","url":"https:\/\/jemznatury.pl\/wp-content\/uploads\/2022\/10\/ZNatury_logo.jpg","contentUrl":"https:\/\/jemznatury.pl\/wp-content\/uploads\/2022\/10\/ZNatury_logo.jpg","width":1104,"height":378,"caption":"Z Natury"},"image":{"@id":"https:\/\/jemznatury.pl\/#\/schema\/logo\/image\/"},"sameAs":["https:\/\/www.facebook.com\/jemznatury","https:\/\/www.instagram.com\/jemznaturypl\/"]}]}},"_links":{"self":[{"href":"https:\/\/jemznatury.pl\/en\/wp-json\/wp\/v2\/pages\/1137"}],"collection":[{"href":"https:\/\/jemznatury.pl\/en\/wp-json\/wp\/v2\/pages"}],"about":[{"href":"https:\/\/jemznatury.pl\/en\/wp-json\/wp\/v2\/types\/page"}],"author":[{"embeddable":true,"href":"https:\/\/jemznatury.pl\/en\/wp-json\/wp\/v2\/users\/3"}],"replies":[{"embeddable":true,"href":"https:\/\/jemznatury.pl\/en\/wp-json\/wp\/v2\/comments?post=1137"}],"version-history":[{"count":13,"href":"https:\/\/jemznatury.pl\/en\/wp-json\/wp\/v2\/pages\/1137\/revisions"}],"predecessor-version":[{"id":1913,"href":"https:\/\/jemznatury.pl\/en\/wp-json\/wp\/v2\/pages\/1137\/revisions\/1913"}],"up":[{"embeddable":true,"href":"https:\/\/jemznatury.pl\/en\/wp-json\/wp\/v2\/pages\/411"}],"wp:featuredmedia":[{"embeddable":true,"href":"https:\/\/jemznatury.pl\/en\/wp-json\/wp\/v2\/media\/1110"}],"wp:attachment":[{"href":"https:\/\/jemznatury.pl\/en\/wp-json\/wp\/v2\/media?parent=1137"}],"curies":[{"name":"wp","href":"https:\/\/api.w.org\/{rel}","templated":true}]}}